{"id":7,"date":"2016-03-02T11:35:58","date_gmt":"2016-03-02T11:35:58","guid":{"rendered":"https:\/\/www.povrcekrstic.rs\/?page_id=7"},"modified":"2021-02-19T22:41:32","modified_gmt":"2021-02-19T22:41:32","slug":"frontpage","status":"publish","type":"page","link":"https:\/\/www.povrcekrstic.rs\/","title":{"rendered":"Frontpage"},"content":{"rendered":"<h1>POVR\u0106E KRSTI\u0106<\/h1><p>Povr\u0107e Krsti\u0107 d.o.o je porodi\u010dna firma osnovana krajem marta 2006.godine u Crepaji u ju\u017enom Banatu.<\/p><p><a class=\"btn btn--rev\" href=\"#o-nama\">Pro\u010ditaj vi\u0161e<\/a><\/p>","protected":false},"excerpt":{"rendered":"<p>POVR\u0106E KRSTI\u0106Povr\u0107e Krsti\u0107 d.o.o je porodi\u010dna firma osnovana krajem marta 2006.godine u Crepaji u ju\u017enom Banatu.Pro\u010ditaj vi\u0161e&hellip;<\/p>\n","protected":false},"author":1,"featured_media":333,"parent":0,"menu_order":0,"comment_status":"closed","ping_status":"closed","template":"template.frontpage.php","meta":[],"_links":{"self":[{"href":"https:\/\/www.povrcekrstic.rs\/index.php?rest_route=\/wp\/v2\/pages\/7"}],"collection":[{"href":"https:\/\/www.povrcekrstic.rs\/index.php?rest_route=\/wp\/v2\/pages"}],"about":[{"href":"https:\/\/www.povrcekrstic.rs\/index.php?rest_route=\/wp\/v2\/types\/page"}],"author":[{"embeddable":true,"href":"https:\/\/www.povrcekrstic.rs\/index.php?rest_route=\/wp\/v2\/users\/1"}],"replies":[{"embeddable":true,"href":"https:\/\/www.povrcekrstic.rs\/index.php?rest_route=%2Fwp%2Fv2%2Fcomments&post=7"}],"version-history":[{"count":11,"href":"https:\/\/www.povrcekrstic.rs\/index.php?rest_route=\/wp\/v2\/pages\/7\/revisions"}],"predecessor-version":[{"id":332,"href":"https:\/\/www.povrcekrstic.rs\/index.php?rest_route=\/wp\/v2\/pages\/7\/revisions\/332"}],"wp:featuredmedia":[{"embeddable":true,"href":"https:\/\/www.povrcekrstic.rs\/index.php?rest_route=\/wp\/v2\/media\/333"}],"wp:attachment":[{"href":"https:\/\/www.povrcekrstic.rs\/index.php?rest_route=%2Fwp%2Fv2%2Fmedia&parent=7"}],"curies":[{"name":"wp","href":"https:\/\/api.w.org\/{rel}","templated":true}]}}